{"id":4308,"date":"2025-08-08T04:37:04","date_gmt":"2025-08-08T02:37:04","guid":{"rendered":"http:\/\/grzeg.home.amu.edu.pl\/?page_id=4308"},"modified":"2025-11-20T08:59:41","modified_gmt":"2025-11-20T07:59:41","slug":"research-visits","status":"publish","type":"page","link":"http:\/\/grzeg.home.amu.edu.pl\/?page_id=4308","title":{"rendered":"Research visits"},"content":{"rendered":"<p>All research visits were financed from grant no. <a href=\"https:\/\/projekty.ncn.gov.pl\/en\/index.php?projekt_id=539544\" target=\"_blank\" rel=\"noopener noreferrer\">2021\/43\/B\/HS2\/00360<\/a> from the National Science Centre (<em>Narodowe Centrum Nauki<\/em>, NCN) under its OPUS 22 Programme.<\/p>\n<hr \/>\n<p><b>Chile, 2 January \u2013 11 February 2024<\/b><\/p>\n<p>The research visit included:<\/p>\n<p>(1) field research at memorial sites:<\/p>\n<p>a. <em>Casa Memoria Jos\u00e9 Domingo Ca\u00f1as<\/em> (Santiago de Chile)<\/p>\n<p>b. <em>Cementerio General<\/em> (Santiago de Chile)<\/p>\n<p>c. <em>Cementerio Cat\u00f3lico de Maip\u00fa<\/em> (Santiago de Chile)<\/p>\n<p>d. <em>Cementerio no. 3 <\/em>(Valpara\u00edso)<\/p>\n<p>e. <em>Corporaci\u00f3n Parque por la Paz Villa Grimaldi<\/em> (Santiago de Chile)<\/p>\n<p>f. <em>Edificio Diego Portales<\/em> (Santiago de Chile)<\/p>\n<p>g. <em>Londres 38 Espacio de Memorias<\/em> (Santiago de Chile)<\/p>\n<p>h. <em>Lugar de Memoria Adriana B\u00f3rquez Adriazola<\/em> (Talca)<\/p>\n<p>i. <em>Monumento a los Detenidos Desaparecidos y Ejecutados Pol\u00edticos<\/em> <em>por la Dictadura Militar<\/em> (Valpara\u00edso)<\/p>\n<p>(2) Field research in places directly related to the history of <em>Colonia Dignidad<\/em>:<\/p>\n<p>a. <em>Casino Familiar<\/em>, restaurant of the former <em>Colonia Dignidad<\/em> (near Bulnes)<\/p>\n<p>b. house at 817 Campos de Deportes Avenue (Santiago de Chile)<\/p>\n<p>c. house at 512 Rom\u00e1n D\u00edaz Street (Santiago de Chile)<\/p>\n<p>d. house at 262 Ignacio Carrera Pinto Street (Parral)<\/p>\n<p>e. <em>Parque de Recuerdo Cordillera<\/em> (Santiago de Chile)<\/p>\n<p>f. <em>Villa Baviera<\/em>, former <em>Colonia Dignidad<\/em> and its surroundings (Commune of Parral)<\/p>\n<p>(3) Consultations with human rights activists and experts:<\/p>\n<p>a. Paulina Acevedo Arenas (<em>Casa Memoria Jos\u00e9 Domingo Ca\u00f1as<\/em>, Santiago de Chile)<\/p>\n<p>b. Mar\u00eda Luisa Ortiz Rojas (<em>Museo de la Memoria y los Derechos Humanos<\/em>, MMDH, Santiago de Chile)<\/p>\n<p>c. Jos\u00e9 Manuel Rodr\u00edguez Leal (MMDH, Santiago de Chile)<\/p>\n<p>d. Jorge Soto Guti\u00e9rrez (Agrupaci\u00f3n de Familiares de Detenidos Desaparecidos-Maule, Talca)<\/p>\n<p>e. Myrna Troncoso Mu\u00f1oz (AFDD-Maule, Talca)<\/p>\n<p>(4) Consultations with academics:<\/p>\n<p>a. Dr. Giulio Ferretto Salinas (<em>Universidad de Playa Ancha<\/em>, Valpara\u00edso)<\/p>\n<p>b. Prof. Elizabeth Lira (<em>Universidad Alberto Hurtado<\/em>, Santiago de Chile)<\/p>\n<p>(5) consultations with human rights lawyers:<\/p>\n<p>a. Karen Cea P\u00e9rez (<em>Asociaci\u00f3n por la Memoria y los Derechos Humanos Colonia Dignidad<\/em>, AMCD, Santiago de Chile)<\/p>\n<p>b. Mane Garces (AMCD, Santiago de Chile)<\/p>\n<p>c. Hern\u00e1n Fern\u00e1ndez Rojas (Santiago de Chile)<\/p>\n<p>d. Winfred Hempel (Santiago de Chile)<\/p>\n<p>(6) archival research at:<\/p>\n<p>a. <em>Archivo Nacional de la Administraci\u00f3n<\/em> (ARNAD, Santiago de Chile)<\/p>\n<p>b. <em>Biblioteca Eduardo Budge y Fondo Hist\u00f3rico Patrimonial Pontifica Universidad Cat\u00f3lica de Valpara\u00edso<\/em> (PUCV, Valpara\u00edso)<\/p>\n<p>c. <em>Museo de la Memoria y los Derechos Humanos<\/em> (MMDH, Santiago de Chile)<\/p>\n<p>(7) conversations with artists who created works inspired by the history of <em>Colonia Dignidad<\/em>:<\/p>\n<p>a. Edison C\u00e1jas (theatre and TV theatre, Santiago de Chile)<\/p>\n<p>b. Daniela Contreras L\u00f3pez (theatre and TV theatre, Santiago de Chile)<\/p>\n<p>c. Orlando L\u00fcbbert (film, Santiago de Chile)<\/p>\n<p>d. Mariana Najmanovich Sirota (visual arts, Santiago de Chile)<\/p>\n<p>(8) conversations with other artists:<\/p>\n<p>a. Claudio Santana B\u00f3rquez (Performer Persona Project, Valpara\u00edso)<\/p>\n<p>b. Jes\u00fas Urqueta Cazaudehore (<em>Teatro Ictus<\/em>, Santiago de Chile)<\/p>\n<p>(9) conversations with former settlers (known as <i>colonas <\/i>and <i>colonos<\/i>) of <em>Colonia Dignidad<\/em> in <em>Villa Baviera<\/em> and its surroundings:<\/p>\n<p>a. Rafael Alexis Labr\u00edn<\/p>\n<p>b. Astrid Lindemann<\/p>\n<p>c. Harald Lindemann<\/p>\n<p>d. Sergio Campos<\/p>\n<p>e. Iris Leiva Ar\u00e9valo<\/p>\n<p>f. Linde Gert<\/p>\n<p>g. J\u00fcrgen Szurgelies.<\/p>\n<hr \/>\n<p><b>Berlin, Germany, 12 June 2024<\/b><\/p>\n<p>The research visit included consultations with Dr. Evelyn Hevia Jord\u00e1n (<em>Freie Universit\u00e4t Berlin<\/em>).<\/p>\n<hr \/>\n<p><b>Berlin, Germany, 16\u201318 November 2024<\/b><\/p>\n<p>The research visit included consultations with Dr. Evelyn Hevia Jord\u00e1n (<em>Freie Universit\u00e4t Berlin<\/em>) and Dr. Jan Stehle (<em>Forschungs- und Dokumentationszentrum Chile-Lateinamerika<\/em>, Berlin).<\/p>\n<hr \/>\n<p><b>Chile, 18 November \u2013 15 December 2024<\/b><\/p>\n<p>The research visit included:<\/p>\n<p>(1) field research at memorial sites:<\/p>\n<p>a. <em>Cementerio General<\/em> (Santiago de Chile)<\/p>\n<p>b. <em>Cementerio Parroquial San Jos\u00e9<\/em> (Parral)<\/p>\n<p>c. <em>Corporaci\u00f3n Parque por la Paz Villa Grimaldi<\/em> (Santiago de Chile)<\/p>\n<p>d. <em>Cuartel Borgo\u00f1o de la Central Nacional de Informaciones<\/em> (Santiago de Chile)<\/p>\n<p>e. <em>Estadio Nacional Memoria Nacional<\/em> (Santiago de Chile)<\/p>\n<p>f. <em>Ex Centro de Detenci\u00f3n Cl\u00ednica Santa Luc\u00eda<\/em> (Santiago de Chile)<\/p>\n<p>g. <em>Memorial de los Detenidos Desaparecidos y Ejecutados Pol\u00edticos<\/em> (La Serena)<\/p>\n<p>h. <em>Museo de la Solidaridad Salvador Allende<\/em> (Santiago de Chile)<\/p>\n<p>(2) field research in places directly related to the history of <em>Colonia Dignidad<\/em>:<\/p>\n<p>a. <em>Villa Baviera<\/em>, former <em>Colonia Dignidad<\/em> and its surroundings (Commune of Parral)<\/p>\n<p>(3) consultations with human rights activists and lawyers:<\/p>\n<p>a. Mar\u00eda Castillo (Santiago de Chile)<\/p>\n<p>b. Luis Alexis Urra Candia (<em>Asociaci\u00f3n por los Derechos Humanos<\/em>, Parral)<\/p>\n<p>c. Hern\u00e1n Fern\u00e1ndez Rojas (Santiago de Chile)<\/p>\n<p>(4) archival research at:<\/p>\n<p>a. <em>Archivo Nacional de la Administraci\u00f3n<\/em> (ARNAD, Santiago de Chile)<\/p>\n<p>b. <em>Museo de la Memoria y los Derechos Humanos<\/em> (MMDH, Santiago de Chile)<\/p>\n<p>(5) conversations with artists who created works inspired by the history of <em>Colonia Dignidad<\/em>:<\/p>\n<p>a. Edison C\u00e1jas (theatre and TV theatre, Santiago de Chile)<\/p>\n<p>b. Daniela Contreras L\u00f3pez (theatre and TV theatre, Santiago de Chile)<\/p>\n<p>c. Gabriela Salazar (theatre, Santiago de Chile)<\/p>\n<p>(6) conversations with other artists:<\/p>\n<p>a. Benjam\u00edn Rivas (<em>Teatro en Casa<\/em>, Santiago de Chile)<\/p>\n<hr \/>\n<p><strong>Hamburg, Germany, 10\u201314 February 2025<\/strong><\/p>\n<p>The research visit included archival research at the <em>Hamburger Institut f\u00fcr Sozialforschung<\/em>.<\/p>\n<hr \/>\n<p><strong>Cologne, Germany, 9\u201313 June 2025<\/strong><\/p>\n<p>The research visit included a visit to the National Socialism Documentation Centre (<em>EL-DE Haus<\/em>) in Cologne and a field trip to Heide, Hennef-Heisterschloss, Siegburg, and Troisdorf.<\/p>\n<hr \/>\n<p><strong>Warsaw, Poland, 19 November 2025<\/strong><\/p>\n<p>The research visit included consultations with Margarita Romero M\u00e9ndez and Miguel \u00c1ngel Rebolledo (<em>Asociaci\u00f3n por la Memoria y los Derechos Humanos Colonia Dignidad<\/em>, AMCD, Santiago de Chile)<\/p>\n","protected":false},"excerpt":{"rendered":"<p>All research visits were financed from grant no. 2021\/43\/B\/HS2\/00360 from the National Science Centre (Narodowe Centrum Nauki, NCN) under its OPUS 22 Programme. Chile, 2 January \u2013 11 February 2024 The research visit included: (1) field research at memorial sites: a. Casa Memoria Jos\u00e9 Domingo Ca\u00f1as (Santiago de Chile) b. Cementerio General (Santiago de Chile) [&hellip;]<\/p>\n","protected":false},"author":1,"featured_media":0,"parent":0,"menu_order":0,"comment_status":"closed","ping_status":"closed","template":"","meta":[],"_links":{"self":[{"href":"http:\/\/grzeg.home.amu.edu.pl\/index.php?rest_route=\/wp\/v2\/pages\/4308"}],"collection":[{"href":"http:\/\/grzeg.home.amu.edu.pl\/index.php?rest_route=\/wp\/v2\/pages"}],"about":[{"href":"http:\/\/grzeg.home.amu.edu.pl\/index.php?rest_route=\/wp\/v2\/types\/page"}],"author":[{"embeddable":true,"href":"http:\/\/grzeg.home.amu.edu.pl\/index.php?rest_route=\/wp\/v2\/users\/1"}],"replies":[{"embeddable":true,"href":"http:\/\/grzeg.home.amu.edu.pl\/index.php?rest_route=%2Fwp%2Fv2%2Fcomments&post=4308"}],"version-history":[{"count":7,"href":"http:\/\/grzeg.home.amu.edu.pl\/index.php?rest_route=\/wp\/v2\/pages\/4308\/revisions"}],"predecessor-version":[{"id":4487,"href":"http:\/\/grzeg.home.amu.edu.pl\/index.php?rest_route=\/wp\/v2\/pages\/4308\/revisions\/4487"}],"wp:attachment":[{"href":"http:\/\/grzeg.home.amu.edu.pl\/index.php?rest_route=%2Fwp%2Fv2%2Fmedia&parent=4308"}],"curies":[{"name":"wp","href":"https:\/\/api.w.org\/{rel}","templated":true}]}}