{"id":28,"date":"2013-10-05T06:30:38","date_gmt":"2013-10-05T04:30:38","guid":{"rendered":"http:\/\/grzeg.home.amu.edu.pl\/?page_id=28"},"modified":"2024-02-15T18:31:09","modified_gmt":"2024-02-15T17:31:09","slug":"grzeg","status":"publish","type":"page","link":"http:\/\/grzeg.home.amu.edu.pl\/?page_id=28","title":{"rendered":"Biogram"},"content":{"rendered":"<p>GRZEGORZ ZI\u00d3\u0141KOWSKI \u2013 prof. dr hab. w Instytucie Filmu, Medi\u00f3w i Sztuk Audiowizualnych na Wydziale Filologii Polskiej i Klasycznej Uniwersytetu im. Adama Mickiewicza w Poznaniu. Antropolog widowisk, teatrolog, re\u017cyser teatralny, wydawca, t\u0142umacz, redaktor i wsp\u00f3\u0142redaktor szeregu publikacji.<\/p>\n<p>ORCID: https:\/\/orcid.org\/0000-0003-1888-9023<\/p>\n<hr \/>\n<figure id=\"attachment_4028\" aria-describedby=\"caption-attachment-4028\" style=\"width: 2560px\" class=\"wp-caption aligncenter\"><img decoding=\"async\" loading=\"lazy\" class=\"size-full wp-image-4028\" src=\"http:\/\/grzeg.home.amu.edu.pl\/wp-content\/uploads\/2023\/02\/prof-grzegorz-ziolkowski-17-scaled.jpg\" alt=\"\" width=\"2560\" height=\"1920\" srcset=\"http:\/\/grzeg.home.amu.edu.pl\/wp-content\/uploads\/2023\/02\/prof-grzegorz-ziolkowski-17-scaled.jpg 2560w, http:\/\/grzeg.home.amu.edu.pl\/wp-content\/uploads\/2023\/02\/prof-grzegorz-ziolkowski-17-300x225.jpg 300w, http:\/\/grzeg.home.amu.edu.pl\/wp-content\/uploads\/2023\/02\/prof-grzegorz-ziolkowski-17-1024x768.jpg 1024w, http:\/\/grzeg.home.amu.edu.pl\/wp-content\/uploads\/2023\/02\/prof-grzegorz-ziolkowski-17-1536x1152.jpg 1536w, http:\/\/grzeg.home.amu.edu.pl\/wp-content\/uploads\/2023\/02\/prof-grzegorz-ziolkowski-17-2048x1536.jpg 2048w, http:\/\/grzeg.home.amu.edu.pl\/wp-content\/uploads\/2023\/02\/prof-grzegorz-ziolkowski-17-1200x900.jpg 1200w, http:\/\/grzeg.home.amu.edu.pl\/wp-content\/uploads\/2023\/02\/prof-grzegorz-ziolkowski-17-1980x1485.jpg 1980w\" sizes=\"(max-width: 2560px) 100vw, 2560px\" \/><figcaption id=\"caption-attachment-4028\" class=\"wp-caption-text\">Fot. Adam Wykrota<\/figcaption><\/figure>\n<hr \/>\n<p>W ramach grantu Narodowego Centrum Nauki w programie OPUS 22 realizuje obecnie projekt badawczy <i>The Performative Realm of \u2018Colonia Dignidad\u2019, the German Enclave in Chile, in Historical and Political Contexts<\/i><i> <\/i>(<a href=\"https:\/\/projekty.ncn.gov.pl\/en\/index.php?projekt_id=539544\" target=\"_blank\" rel=\"noopener noreferrer\">2021\/43\/B\/HS2\/00360<\/a>).<\/p>\n<p><img decoding=\"async\" loading=\"lazy\" class=\"aligncenter size-full wp-image-4195\" src=\"http:\/\/grzeg.home.amu.edu.pl\/wp-content\/uploads\/2024\/02\/Chile-2024-136-Du\u017ce.jpg\" alt=\"\" width=\"1440\" height=\"1080\" srcset=\"http:\/\/grzeg.home.amu.edu.pl\/wp-content\/uploads\/2024\/02\/Chile-2024-136-Du\u017ce.jpg 1440w, http:\/\/grzeg.home.amu.edu.pl\/wp-content\/uploads\/2024\/02\/Chile-2024-136-Du\u017ce-300x225.jpg 300w, http:\/\/grzeg.home.amu.edu.pl\/wp-content\/uploads\/2024\/02\/Chile-2024-136-Du\u017ce-1024x768.jpg 1024w, http:\/\/grzeg.home.amu.edu.pl\/wp-content\/uploads\/2024\/02\/Chile-2024-136-Du\u017ce-1200x900.jpg 1200w\" sizes=\"(max-width: 1440px) 100vw, 1440px\" \/><\/p>\n<hr \/>\n<p>Opublikowa\u0142 monografi\u0119 <em>Okrutny teatr samospale\u0144. Protesty samob\u00f3jcze w ogniu i ich echa w kulturze wsp\u00f3\u0142czesnej<\/em> (Wydawnictwo Naukowe UAM, Pozna\u0144 2018), stanowi\u0105c\u0105 podsumowanie projektu badawczego wspieranego przez Narodowe Centrum Nauki w ramach programu OPUS 6 (<a href=\"https:\/\/projekty.ncn.gov.pl\/en\/index.php?projekt_id=234770\">2013\/11\/B\/HS2\/02873<\/a>).<\/p>\n<p><img decoding=\"async\" loading=\"lazy\" class=\"aligncenter size-full wp-image-3635\" src=\"http:\/\/grzeg.home.amu.edu.pl\/wp-content\/uploads\/2021\/11\/Okrutny-teatr-samospale\u0144.-Ok\u0142adka.jpg\" alt=\"\" width=\"475\" height=\"671\" srcset=\"http:\/\/grzeg.home.amu.edu.pl\/wp-content\/uploads\/2021\/11\/Okrutny-teatr-samospale\u0144.-Ok\u0142adka.jpg 475w, http:\/\/grzeg.home.amu.edu.pl\/wp-content\/uploads\/2021\/11\/Okrutny-teatr-samospale\u0144.-Ok\u0142adka-212x300.jpg 212w\" sizes=\"(max-width: 475px) 100vw, 475px\" \/><\/p>\n<p>Za t\u0119 publikacj\u0119 otrzyma\u0142 Nagrod\u0119 im. Pierwszego Rektora Uniwersytetu \u0141\u00f3dzkiego Prof. Tadeusza Kotarbi\u0144skiego (2019) oraz Nagrod\u0119 JM Rektora UAM I stopnia za osi\u0105gni\u0119cie naukowe. Ksi\u0105\u017cka ta nominowana by\u0142a r\u00f3wnie\u017c do nagrody Polskiego Towarzystwa Bada\u0144 Teatralnych za najlepsz\u0105 publikacj\u0119 ksi\u0105\u017ckow\u0105 z zakresu wiedzy o dramacie, teatrze i widowiskach, wydan\u0105 w roku 2018.<\/p>\n<div id=\"grid-gallery-29-34760\" data-gg-id=\"29\" data-title=\"Nagroda Kotarbi\u0144skiego\" data-grid-type=\"0\" data-offset=\"5.3\" data-area-position=\"center\" data-icons=\"false\" data-preloader=\"true\" data-width=\"215\" data-height=\"215\" data-padding=\"0\" data-quicksand=\"disabled\" data-quicksand-duration=\"none\" data-popup-theme=\"theme_6\" data-popup-type=\"pretty-photo\" data-popup-image-text=\"title\" data-popup-widthsize=\"auto\" data-popup-heightsize=\"auto\" data-popup-i18n-words=\"{&quot;close&quot;:&quot;close&quot;,&quot;next&quot;:&quot;next&quot;,&quot;previous&quot;:&quot;previous&quot;,&quot;start_slideshow&quot;:&quot;start slideshow&quot;,&quot;stop_slideshow&quot;:&quot;stop slideshow&quot;,&quot;image&quot;:&quot;image&quot;,&quot;of&quot;:&quot;of&quot;,&quot;prev&quot;:&quot;prev&quot;,&quot;cExpand&quot;:&quot;Expand&quot;,&quot;cPrevious&quot;:&quot;Previous&quot;,&quot;cNext&quot;:&quot;Next&quot;,&quot;cExpandStr&quot;:&quot;Expand the image&quot;,&quot;cRotate&quot;:&quot;Rotate&quot;,&quot;cDetails&quot;:&quot;Details&quot;}\" data-popup-slideshow=\"true\" data-popup-slideshow-speed=\"2500\" data-popup-hoverstop=\"true\" data-popup-slideshow-auto=\"true\" data-popup-background=\"\" data-popup-transparency=\"30\" data-popup-disable-history=\"\" data-popup-disable-changed-url=\"\" data-popup-border-type=\"\" data-popup-border-color=\"\" data-popup-border-width=\"\" data-popup-border-enable=\"\" data-fullscreen=\"false\" data-hide-tooltip=\"false\" data-caption-font-family=\"Default\" data-caption-text-size=\"14px\" data-is-mobile=\"0\" data-caption-mobile=\"false\" data-hide-long-tltp-title=\"0\" data-caption-disabled-on-mobile=\"false\" data-horizontal-scroll=\"{&quot;enabled&quot;:&quot;true&quot;,&quot;color&quot;:&quot;&quot;,&quot;transparency&quot;:&quot;60&quot;}\" data-popup-placement-type=\"0\" data-social-sharing=\"{&quot;enabled&quot;:null,&quot;gallerySharing&quot;:{&quot;enabled&quot;:null,&quot;position&quot;:null},&quot;imageSharing&quot;:{&quot;enabled&quot;:null,&quot;wrapperClass&quot;:&quot; vertical \\n &quot;},&quot;popupSharing&quot;:{&quot;enabled&quot;:null,&quot;wrapperClass&quot;:&quot; vertical \\n &quot;}}\" class=\"grid-gallery grid-gallery-fixed \" style=\" width:100%; height:auto ; margin-left:auto; margin-right:auto; position:relative;\" > <div class=\"gallery-loading\"> <div class=\"blocks\"> <div class=\"block\"><\/div> <div class=\"block\"><\/div> <div class=\"block\"><\/div> <div class=\"block\"><\/div> <\/div> <\/div> <div class=\"gallery-sharing-top\"><\/div> <div id=\"photos-29\" class=\"grid-gallery-photos \" > <a id=\"gg-29-621\" class=\"gg-link \" href=\"http:\/\/grzeg.home.amu.edu.pl\/wp-content\/uploads\/2019\/11\/MGL8371.jpg?gid=29\" target=\"_self\" title=\"Nagroda Kotarbi\u0144skiego, V edycja (2019). Fot. Maciej Andrzejewski\" data-rel=\"prettyPhoto[pp_gal]\" style=\"border-radius: 0px;\" ><FIGURE class=\"grid-gallery-caption \" data-grid-gallery-type=\"quarter-slide-up\" data-index=\"0\" style=\"display:none;border-radius: 0px; ; margin: 5.3px; width:215px;\" ><div class=\"crop \" style=\" width:215px; height:215px; overflow:hidden; \"><img src=\"http:\/\/grzeg.home.amu.edu.pl\/wp-content\/uploads\/2019\/11\/MGL8371-215x215.jpg\" class=\"ggImg\" alt=\"Nagroda Kotarbi\u0144skiego, V edycja (2019). Fot. Maciej Andrzejewski\" title=\"Nagroda Kotarbi\u0144skiego, V edycja (2019). Fot. Maciej Andrzejewski\" data-description=\"Nagroda Kotarbi\u0144skiego, V edycja (2019). Fot. Maciej Andrzejewski\" data-caption=\"Nagroda Kotarbi\u0144skiego, V edycja (2019). Fot. Maciej Andrzejewski\" data-title=\"_MGL8371\" style=\" width:215px; height:215px; \" \/><\/div><FIGCAPTION class=\"\" data-alpha=\"5\" style=\"color:#ffffff; background-color:#6f0000; font-size:14px; text-align:left; font-family:Default;\" ><div class=\"grid-gallery-figcaption-wrap\" style=\" vertical-align:top; \"><div class=\"gg-image-caption fitvidsignore \" style=\"font-size:14px;\"><object type=\"none\/none\"> Nagroda Kotarbi\u0144skiego, V edycja (2019). Fot. Maciej Andrzejewski <\/object><\/div><\/div><\/FIGCAPTION><\/FIGURE><\/a> <a id=\"gg-29-622\" class=\"gg-link \" href=\"http:\/\/grzeg.home.amu.edu.pl\/wp-content\/uploads\/2019\/11\/MGL8390.jpg?gid=29\" target=\"_self\" title=\"Nagroda Kotarbi\u0144skiego, V edycja (2019). Fot. Maciej Andrzejewski\" data-rel=\"prettyPhoto[pp_gal]\" style=\"border-radius: 0px;\" ><FIGURE class=\"grid-gallery-caption \" data-grid-gallery-type=\"quarter-slide-up\" data-index=\"1\" style=\"display:none;border-radius: 0px; ; margin: 5.3px; width:215px;\" ><div class=\"crop \" style=\" width:215px; height:215px; overflow:hidden; \"><img src=\"http:\/\/grzeg.home.amu.edu.pl\/wp-content\/uploads\/2019\/11\/MGL8390-215x215.jpg\" class=\"ggImg\" alt=\"Nagroda Kotarbi\u0144skiego, V edycja (2019). Fot. Maciej Andrzejewski\" title=\"Nagroda Kotarbi\u0144skiego, V edycja (2019). Fot. Maciej Andrzejewski\" data-description=\"Nagroda Kotarbi\u0144skiego, V edycja (2019). Fot. Maciej Andrzejewski\" data-caption=\"Nagroda Kotarbi\u0144skiego, V edycja (2019). Fot. Maciej Andrzejewski\" data-title=\"_MGL8390\" style=\" width:215px; height:215px; \" \/><\/div><FIGCAPTION class=\"\" data-alpha=\"5\" style=\"color:#ffffff; background-color:#6f0000; font-size:14px; text-align:left; font-family:Default;\" ><div class=\"grid-gallery-figcaption-wrap\" style=\" vertical-align:top; \"><div class=\"gg-image-caption fitvidsignore \" style=\"font-size:14px;\"><object type=\"none\/none\"> Nagroda Kotarbi\u0144skiego, V edycja (2019). Fot. Maciej Andrzejewski <\/object><\/div><\/div><\/FIGCAPTION><\/FIGURE><\/a> <a id=\"gg-29-623\" class=\"gg-link \" href=\"http:\/\/grzeg.home.amu.edu.pl\/wp-content\/uploads\/2019\/11\/MGL8520.jpg?gid=29\" target=\"_self\" title=\"Nagroda Kotarbi\u0144skiego, V edycja (2019). Fot. Maciej Andrzejewski\" data-rel=\"prettyPhoto[pp_gal]\" style=\"border-radius: 0px;\" ><FIGURE class=\"grid-gallery-caption \" data-grid-gallery-type=\"quarter-slide-up\" data-index=\"2\" style=\"display:none;border-radius: 0px; ; margin: 5.3px; width:215px;\" ><div class=\"crop \" style=\" width:215px; height:215px; overflow:hidden; \"><img src=\"http:\/\/grzeg.home.amu.edu.pl\/wp-content\/uploads\/2019\/11\/MGL8520-215x215.jpg\" class=\"ggImg\" alt=\"Nagroda Kotarbi\u0144skiego, V edycja (2019). Fot. Maciej Andrzejewski\" title=\"Nagroda Kotarbi\u0144skiego, V edycja (2019). Fot. Maciej Andrzejewski\" data-description=\"Nagroda Kotarbi\u0144skiego, V edycja (2019). Fot. Maciej Andrzejewski\" data-caption=\"Nagroda Kotarbi\u0144skiego, V edycja (2019). Fot. Maciej Andrzejewski\" data-title=\"_MGL8520\" style=\" width:215px; height:215px; \" \/><\/div><FIGCAPTION class=\"\" data-alpha=\"5\" style=\"color:#ffffff; background-color:#6f0000; font-size:14px; text-align:left; font-family:Default;\" ><div class=\"grid-gallery-figcaption-wrap\" style=\" vertical-align:top; \"><div class=\"gg-image-caption fitvidsignore \" style=\"font-size:14px;\"><object type=\"none\/none\"> Nagroda Kotarbi\u0144skiego, V edycja (2019). Fot. Maciej Andrzejewski <\/object><\/div><\/div><\/FIGCAPTION><\/FIGURE><\/a> <div class=\"grid-gallery-clearfix\"><\/div> <\/div> <div class=\"gallery-sharing-bottom\"><\/div> <div class=\"grid-gallery-clearfix\"><\/div> <\/div> <!-- Gallery by Supsystic plugin 1.14.6 -->\n<p>W 2020 roku publikacja ta ukaza\u0142a si\u0119 nak\u0142adem wydawnictwa Routledge w uaktualnionej wersji.<\/p>\n<p><img decoding=\"async\" loading=\"lazy\" class=\"aligncenter size-full wp-image-3369\" src=\"http:\/\/grzeg.home.amu.edu.pl\/wp-content\/uploads\/2020\/02\/Book-cover-A-Cruel-Theatre-of-Self-Immolations.jpg\" alt=\"\" width=\"915\" height=\"1400\" srcset=\"http:\/\/grzeg.home.amu.edu.pl\/wp-content\/uploads\/2020\/02\/Book-cover-A-Cruel-Theatre-of-Self-Immolations.jpg 915w, http:\/\/grzeg.home.amu.edu.pl\/wp-content\/uploads\/2020\/02\/Book-cover-A-Cruel-Theatre-of-Self-Immolations-196x300.jpg 196w, http:\/\/grzeg.home.amu.edu.pl\/wp-content\/uploads\/2020\/02\/Book-cover-A-Cruel-Theatre-of-Self-Immolations-669x1024.jpg 669w\" sizes=\"(max-width: 915px) 100vw, 915px\" \/><\/p>\n<hr \/>\n<p>Wsp\u00f3\u0142redagowa\u0142 zeszyty specjalne czasopism: \u201eTheatre, Dance and Performance Training\u201d pt. <em>Martial Arts Revisited<\/em> (razem z prof. Paulem Allainem z University of Kent, Canterbury, Wielka Brytania; vol. 13, nr 3, 2022); \u201ePolish Theatre Perspectives\u201d pt. <em>Voices from Within: Grotowski\u2019s Polish Collaborators<\/em> (razem z prof. Allainem; 2015); \u201ePerformance Research\u201d pt. <em>On Performatics<\/em> (razem z prof. Richardem Goughem z Aberystwyth University, Wielka Brytania; vol. 13, nr 2, 2008) i \u201eContemporary Theatre Review\u201d pt. <em>Polish Theatre after 1989: Beyond Borders<\/em> (razem z prof. Allainem; vol. 15, nr 1, 2005).<\/p>\n<hr \/>\n<p>Jest autorem monografii o Peterze Brooku (<em>Teatr Bezpo\u015bredni Petera Brooka<\/em>, Wydawnictwo s\u0142owo\/obraz terytoria, Gda\u0144sk 2000) i Jerzym Grotowskim (<em>Gu\u015blarz i eremita. Jerzy Grotowski: od wyk\u0142ad\u00f3w rzymskich (1982) do paryskich (1997\u20131998)<\/em>, Instytut im. Jerzego Grotowskiego, Wroc\u0142aw 2007). Przet\u0142umaczy\u0142 tak\u017ce na j\u0119zyk polski ich ksi\u0105\u017cki, odpowiednio: <em>The Shifting Point \/ <\/em><em>Ruchomy punkt<\/em> (2005) i <em>Towards a Poor Theatre \/ <\/em><em>Ku teatrowi ubogiemu<\/em> (2007)<em>. <\/em><\/p>\n<p>Za monografi\u0119 <em>Teatr Bezpo\u015bredni Petera Brooka <\/em>otrzyma\u0142 nagrod\u0119 polskiej sekcji International Theatre Institute (ITI) za najlepsz\u0105 polsk\u0105 ksi\u0105\u017ck\u0119 teatrologiczn\u0105 opublikowan\u0105 w 2000 roku.<\/p>\n<p>Wsp\u00f3\u0142redagowa\u0142 razem z profesorami Paulem Allainem i Georges\u2019em Banu (Sorbonne Nouvelle \u2013 Paris II, Francja) antologi\u0119 tekst\u00f3w Petera Brooka <em>Teatr jest tylko form\u0105. O Jerzym Grotowskim<\/em> (Instytut im. Jerzego Grotowskiego, Wroc\u0142aw 2007; wyd. ang.: <em>With Grotowski: Theatre is Just a Form<\/em>, Wroc\u0142aw, The Grotowski Institute, 2009; 2 wyd. pol.: <em>Z Grotowskim. Teatr jest tylko form\u0105<\/em>, Instytut im. Jerzego Grotowskiego, Wroc\u0142aw 2015). Ksi\u0105\u017cka ta ukaza\u0142a si\u0119 r\u00f3wnie\u017c w j\u0119zykach farsi i francuskim.<\/p>\n<hr \/>\n<p>By\u0142 stypendyst\u0105 The British Council (1994\u201395), Miasta Poznania (1996), Fundacji na rzecz Nauki Polskiej (1998) i The Fulbright Foundation (2002\u201303).<\/p>\n<p>Zosta\u0142 nagrodzony przez JM Rektora UAM za dzia\u0142alno\u015b\u0107 naukow\u0105 (2009), dydaktyczn\u0105 (2013) i wybitne osi\u0105gni\u0119cie naukowe (2019).<\/p>\n<hr \/>\n<p>W latach 2004\u201309 pracowa\u0142 jako Dyrektor Programowy O\u015brodka Bada\u0144 Tw\u00f3rczo\u015bci Jerzego Grotowskiego i Poszukiwa\u0144 Teatralno-Kulturowych, a nast\u0119pnie Instytutu im. Jerzego Grotowskiego we Wroc\u0142awiu, w kt\u00f3rym m.in. rozwija\u0142 dzia\u0142alno\u015b\u0107 wydawnicz\u0105, wsp\u00f3\u0142tworzy\u0142 mi\u0119dzynarodowy kurs aktorski Atelier (2007\u201309) i wsp\u00f3\u0142programowa\u0142 odbywaj\u0105cy si\u0119 pod patronatem UNESCO Rok Grotowskiego 2009.<\/p>\n<hr \/>\n<p>Kierowa\u0142 Biurem Poszukiwa\u0144 Teatralnych (1991\u20132001) i Teatrem Rosa (2009\u201311) w Poznaniu.<\/p>\n<p>Prowadzi\u0142 seminaria i zaj\u0119cia aktorskie w Anglii, Armenii, Austrii, Chile, Chinach, Iranie, Katalonii, Korei Po\u0142udniowej, na Malcie i w Rumunii.<\/p>\n<p>W latach 2012\u201317 kierowa\u0142 Pracowni\u0105 ROSA oraz Acting Techniques Intensive Seminar ATIS w Poznaniu.<\/p>\n<p>W Pracowni ROSA wyre\u017cyserowa\u0142 dwa spektakle teatralne, <em>TAZM<\/em><em> Milczenie \u015bwiat\u0142a\u00a0<\/em>(2012\u201316) i <em>SERCE<\/em><em> Cisza wieloboku <\/em>(2015\u201316). Pierwsze z nich odwo\u0142ywa\u0142o si\u0119 do opartej na faktach powie\u015bci Tahara Ben Jellouna <em>To o\u015blepiaj\u0105ce, nieobecne \u015bwiat\u0142o <\/em>o okrutnym maroka\u0144skim wi\u0119zieniu Tazmamart. Drugie \u2013 do motyw\u00f3w z dramatu Wajdi Mouwada <em>Pogorzelisko<\/em> o niszcz\u0105cym wp\u0142ywie wojny na indywidualne ludzkie losy.<\/p>\n<p>Kierowa\u0142 poszukiwaniem teatralnym Pracowni ROSA<em> Ws\u0142uchanie w PULS<\/em> (2015\u201316), zrealizowanym w Instytucie im. Jerzego Grotowskiego we Wroc\u0142awiu. W jego ramach m.in. opublikowa\u0142 <em>Dwug\u0142os O CISZY<\/em> oraz <em>Teksty OD SERCA<\/em> (po polsku i po angielsku, nowe wydanie 2021).<\/p>\n<p>Wsp\u00f3\u0142tworzy\u0142 i konsultowa\u0142 prace artyst\u00f3w teatru z Chile, Katalonii, Iranu i Rumunii.<\/p>\n<p><script src=\"moz-extension:\/\/fe356ba2-174d-4b4a-b761-89676ee1944d\/js\/app.js\" type=\"text\/javascript\"><\/script><\/p>\n<p><script src=\"moz-extension:\/\/fe356ba2-174d-4b4a-b761-89676ee1944d\/js\/app.js\" type=\"text\/javascript\"><\/script><\/p>\n<p><script src=\"moz-extension:\/\/fe356ba2-174d-4b4a-b761-89676ee1944d\/js\/app.js\" type=\"text\/javascript\"><\/script><\/p>\n<p><script src=\"moz-extension:\/\/fe356ba2-174d-4b4a-b761-89676ee1944d\/js\/app.js\" type=\"text\/javascript\"><\/script><\/p>\n","protected":false},"excerpt":{"rendered":"<p>GRZEGORZ ZI\u00d3\u0141KOWSKI \u2013 prof. dr hab. w Instytucie Filmu, Medi\u00f3w i Sztuk Audiowizualnych na Wydziale Filologii Polskiej i Klasycznej Uniwersytetu im. Adama Mickiewicza w Poznaniu. Antropolog widowisk, teatrolog, re\u017cyser teatralny, wydawca, t\u0142umacz, redaktor i wsp\u00f3\u0142redaktor szeregu publikacji. ORCID: https:\/\/orcid.org\/0000-0003-1888-9023 W ramach grantu Narodowego Centrum Nauki w programie OPUS 22 realizuje obecnie projekt badawczy The Performative [&hellip;]<\/p>\n","protected":false},"author":1,"featured_media":0,"parent":0,"menu_order":0,"comment_status":"closed","ping_status":"closed","template":"","meta":[],"_links":{"self":[{"href":"http:\/\/grzeg.home.amu.edu.pl\/index.php?rest_route=\/wp\/v2\/pages\/28"}],"collection":[{"href":"http:\/\/grzeg.home.amu.edu.pl\/index.php?rest_route=\/wp\/v2\/pages"}],"about":[{"href":"http:\/\/grzeg.home.amu.edu.pl\/index.php?rest_route=\/wp\/v2\/types\/page"}],"author":[{"embeddable":true,"href":"http:\/\/grzeg.home.amu.edu.pl\/index.php?rest_route=\/wp\/v2\/users\/1"}],"replies":[{"embeddable":true,"href":"http:\/\/grzeg.home.amu.edu.pl\/index.php?rest_route=%2Fwp%2Fv2%2Fcomments&post=28"}],"version-history":[{"count":157,"href":"http:\/\/grzeg.home.amu.edu.pl\/index.php?rest_route=\/wp\/v2\/pages\/28\/revisions"}],"predecessor-version":[{"id":4209,"href":"http:\/\/grzeg.home.amu.edu.pl\/index.php?rest_route=\/wp\/v2\/pages\/28\/revisions\/4209"}],"wp:attachment":[{"href":"http:\/\/grzeg.home.amu.edu.pl\/index.php?rest_route=%2Fwp%2Fv2%2Fmedia&parent=28"}],"curies":[{"name":"wp","href":"https:\/\/api.w.org\/{rel}","templated":true}]}}